{"id":23340,"date":"2024-07-29T11:45:14","date_gmt":"2024-07-29T15:45:14","guid":{"rendered":"https:\/\/tepuedeinteresar.cl\/umc\/?page_id=23340"},"modified":"2024-07-30T07:34:49","modified_gmt":"2024-07-30T11:34:49","slug":"ayudas-para-tesistas-y-estudiantes-pregrado","status":"publish","type":"page","link":"https:\/\/tepuedeinteresar.cl\/umc\/ayudas-para-tesistas-y-estudiantes-pregrado\/","title":{"rendered":"Ayudas para tesistas y estudiantes pregrado"},"content":{"rendered":"\t\t<div data-elementor-type=\"wp-page\" data-elementor-id=\"23340\" class=\"elementor elementor-23340\" data-elementor-post-type=\"page\">\n\t\t\t\t<div data-particle_enable=\"false\" data-particle-mobile-disabled=\"false\" class=\"elementor-element elementor-element-1031666f e-flex e-con-boxed e-con e-parent\" data-id=\"1031666f\" data-element_type=\"container\" data-e-type=\"container\" data-settings=\"{&quot;background_background&quot;:&quot;classic&quot;}\">\n\t\t\t\t\t<div class=\"e-con-inner\">\n\t\t<div data-particle_enable=\"false\" data-particle-mobile-disabled=\"false\" class=\"elementor-element elementor-element-f3799f0 e-con-full e-flex e-con e-child\" data-id=\"f3799f0\" data-element_type=\"container\" data-e-type=\"container\">\n\t\t\t\t<div class=\"elementor-element elementor-element-b9ce895 elementor-widget elementor-widget-heading\" data-id=\"b9ce895\" data-element_type=\"widget\" data-e-type=\"widget\" data-widget_type=\"heading.default\">\n\t\t\t\t<div class=\"elementor-widget-container\">\n\t\t\t\t\t<h2 class=\"elementor-heading-title elementor-size-default\">Ayudas para tesistas y estudiantes pregrado<\/h2>\t\t\t\t<\/div>\n\t\t\t\t<\/div>\n\t\t\t\t<div class=\"elementor-element elementor-element-275050df elementor-widget-divider--view-line elementor-widget elementor-widget-divider\" data-id=\"275050df\" data-element_type=\"widget\" data-e-type=\"widget\" data-widget_type=\"divider.default\">\n\t\t\t\t<div class=\"elementor-widget-container\">\n\t\t\t\t\t\t\t<div class=\"elementor-divider\">\n\t\t\t<span class=\"elementor-divider-separator\">\n\t\t\t\t\t\t<\/span>\n\t\t<\/div>\n\t\t\t\t\t\t<\/div>\n\t\t\t\t<\/div>\n\t\t\t\t<\/div>\n\t\t<div data-particle_enable=\"false\" data-particle-mobile-disabled=\"false\" class=\"elementor-element elementor-element-59f1b80d e-con-full e-flex e-con e-child\" data-id=\"59f1b80d\" data-element_type=\"container\" data-e-type=\"container\">\n\t\t\t\t<\/div>\n\t\t\t\t\t<\/div>\n\t\t\t\t<\/div>\n\t\t<div data-particle_enable=\"false\" data-particle-mobile-disabled=\"false\" class=\"elementor-element elementor-element-77c968fe e-flex e-con-boxed e-con e-parent\" data-id=\"77c968fe\" data-element_type=\"container\" data-e-type=\"container\">\n\t\t\t\t\t<div class=\"e-con-inner\">\n\t\t<div data-particle_enable=\"false\" data-particle-mobile-disabled=\"false\" class=\"elementor-element elementor-element-5d31a8ca e-con-full e-flex e-con e-child\" data-id=\"5d31a8ca\" data-element_type=\"container\" data-e-type=\"container\">\n\t\t<div data-particle_enable=\"false\" data-particle-mobile-disabled=\"false\" class=\"elementor-element elementor-element-3c136ffa e-flex e-con-boxed e-con e-child\" data-id=\"3c136ffa\" data-element_type=\"container\" data-e-type=\"container\" data-settings=\"{&quot;background_background&quot;:&quot;classic&quot;}\">\n\t\t\t\t\t<div class=\"e-con-inner\">\n\t\t\t\t<div class=\"elementor-element elementor-element-701b8408 elementor-widget elementor-widget-heading\" data-id=\"701b8408\" data-element_type=\"widget\" data-e-type=\"widget\" data-widget_type=\"heading.default\">\n\t\t\t\t<div class=\"elementor-widget-container\">\n\t\t\t\t\t<h2 class=\"elementor-heading-title elementor-size-default\"><a href=\"https:\/\/normas-apa.org\/\">Normas APA 7a. Edici\u00f3n<\/a><\/h2>\t\t\t\t<\/div>\n\t\t\t\t<\/div>\n\t\t\t\t\t<\/div>\n\t\t\t\t<\/div>\n\t\t<div data-particle_enable=\"false\" data-particle-mobile-disabled=\"false\" class=\"elementor-element elementor-element-1ebe9e5a e-flex e-con-boxed e-con e-child\" data-id=\"1ebe9e5a\" data-element_type=\"container\" data-e-type=\"container\" data-settings=\"{&quot;background_background&quot;:&quot;classic&quot;}\">\n\t\t\t\t\t<div class=\"e-con-inner\">\n\t\t\t\t<div class=\"elementor-element elementor-element-619042aa elementor-widget elementor-widget-heading\" data-id=\"619042aa\" data-element_type=\"widget\" data-e-type=\"widget\" data-widget_type=\"heading.default\">\n\t\t\t\t<div class=\"elementor-widget-container\">\n\t\t\t\t\t<h2 class=\"elementor-heading-title elementor-size-default\"><a href=\"https:\/\/normasapa.in\/\">Normas APA:  Gu\u00eda  para presentar trabajos escritos<\/a><\/h2>\t\t\t\t<\/div>\n\t\t\t\t<\/div>\n\t\t\t\t\t<\/div>\n\t\t\t\t<\/div>\n\t\t<div data-particle_enable=\"false\" data-particle-mobile-disabled=\"false\" class=\"elementor-element elementor-element-276b7d5e e-flex e-con-boxed e-con e-child\" data-id=\"276b7d5e\" data-element_type=\"container\" data-e-type=\"container\" data-settings=\"{&quot;background_background&quot;:&quot;classic&quot;}\">\n\t\t\t\t\t<div class=\"e-con-inner\">\n\t\t\t\t<div class=\"elementor-element elementor-element-4a2b18c elementor-widget elementor-widget-heading\" data-id=\"4a2b18c\" data-element_type=\"widget\" data-e-type=\"widget\" data-widget_type=\"heading.default\">\n\t\t\t\t<div class=\"elementor-widget-container\">\n\t\t\t\t\t<h2 class=\"elementor-heading-title elementor-size-default\"><a href=\"https:\/\/normasapa.in\/como-escribir-un-ensayo\/\">C\u00f3mo hacer un ensayo<\/a><\/h2>\t\t\t\t<\/div>\n\t\t\t\t<\/div>\n\t\t\t\t\t<\/div>\n\t\t\t\t<\/div>\n\t\t\t\t<\/div>\n\t\t<div data-particle_enable=\"false\" data-particle-mobile-disabled=\"false\" class=\"elementor-element elementor-element-6d20f84a e-con-full e-flex e-con e-child\" data-id=\"6d20f84a\" data-element_type=\"container\" data-e-type=\"container\">\n\t\t<div data-particle_enable=\"false\" data-particle-mobile-disabled=\"false\" class=\"elementor-element elementor-element-1fa0fe97 e-flex e-con-boxed e-con e-child\" data-id=\"1fa0fe97\" data-element_type=\"container\" data-e-type=\"container\" data-settings=\"{&quot;background_background&quot;:&quot;classic&quot;}\">\n\t\t\t\t\t<div class=\"e-con-inner\">\n\t\t\t\t<div class=\"elementor-element elementor-element-77234b3a elementor-widget elementor-widget-heading\" data-id=\"77234b3a\" data-element_type=\"widget\" data-e-type=\"widget\" data-widget_type=\"heading.default\">\n\t\t\t\t<div class=\"elementor-widget-container\">\n\t\t\t\t\t<h2 class=\"elementor-heading-title elementor-size-default\"><a href=\"https:\/\/normasapa.in\/como-hacer-una-monografia\/\">\nC\u00f3mo hacer una monograf\u00eda<\/a><\/h2>\t\t\t\t<\/div>\n\t\t\t\t<\/div>\n\t\t\t\t\t<\/div>\n\t\t\t\t<\/div>\n\t\t<div data-particle_enable=\"false\" data-particle-mobile-disabled=\"false\" class=\"elementor-element elementor-element-3a04c1c9 e-flex e-con-boxed e-con e-child\" data-id=\"3a04c1c9\" data-element_type=\"container\" data-e-type=\"container\" data-settings=\"{&quot;background_background&quot;:&quot;classic&quot;}\">\n\t\t\t\t\t<div class=\"e-con-inner\">\n\t\t\t\t<div class=\"elementor-element elementor-element-247c0ec6 elementor-widget elementor-widget-heading\" data-id=\"247c0ec6\" data-element_type=\"widget\" data-e-type=\"widget\" data-widget_type=\"heading.default\">\n\t\t\t\t<div class=\"elementor-widget-container\">\n\t\t\t\t\t<h2 class=\"elementor-heading-title elementor-size-default\"><a href=\"https:\/\/normasapa.in\/como-hacer-una-tesis\/\">Estructura y Redacci\u00f3n de Tesis<\/a><\/h2>\t\t\t\t<\/div>\n\t\t\t\t<\/div>\n\t\t\t\t\t<\/div>\n\t\t\t\t<\/div>\n\t\t<div data-particle_enable=\"false\" data-particle-mobile-disabled=\"false\" class=\"elementor-element elementor-element-458c146f e-flex e-con-boxed e-con e-child\" data-id=\"458c146f\" data-element_type=\"container\" data-e-type=\"container\" data-settings=\"{&quot;background_background&quot;:&quot;classic&quot;}\">\n\t\t\t\t\t<div class=\"e-con-inner\">\n\t\t\t\t<div class=\"elementor-element elementor-element-5e0a7888 elementor-widget elementor-widget-heading\" data-id=\"5e0a7888\" data-element_type=\"widget\" data-e-type=\"widget\" data-widget_type=\"heading.default\">\n\t\t\t\t<div class=\"elementor-widget-container\">\n\t\t\t\t\t<h2 class=\"elementor-heading-title elementor-size-default\"><a href=\"https:\/\/elibro.net\/es\/lc\/umcervantes\/titulos\/242492\">Manual de Publicaciones de la APA S\u00e9ptima edici\u00f3n.<\/a><\/h2>\t\t\t\t<\/div>\n\t\t\t\t<\/div>\n\t\t\t\t\t<\/div>\n\t\t\t\t<\/div>\n\t\t\t\t<\/div>\n\t\t\t\t\t<\/div>\n\t\t\t\t<\/div>\n\t\t\t\t<\/div>\n\t\t","protected":false},"excerpt":{"rendered":"<p>Ayudas para tesistas y estudiantes pregrado Normas APA 7a. Edici\u00f3n Normas APA: Gu\u00eda para presentar trabajos escritos C\u00f3mo hacer un ensayo C\u00f3mo hacer una monograf\u00eda Estructura y Redacci\u00f3n de Tesis Manual de Publicaciones de la APA S\u00e9ptima edici\u00f3n.<\/p>\n","protected":false},"author":1,"featured_media":0,"parent":0,"menu_order":0,"comment_status":"closed","ping_status":"closed","template":"elementor_header_footer","meta":{"footnotes":""},"class_list":["post-23340","page","type-page","status-publish","hentry"],"_links":{"self":[{"href":"https:\/\/tepuedeinteresar.cl\/umc\/wp-json\/wp\/v2\/pages\/23340"}],"collection":[{"href":"https:\/\/tepuedeinteresar.cl\/umc\/wp-json\/wp\/v2\/pages"}],"about":[{"href":"https:\/\/tepuedeinteresar.cl\/umc\/wp-json\/wp\/v2\/types\/page"}],"author":[{"embeddable":true,"href":"https:\/\/tepuedeinteresar.cl\/umc\/wp-json\/wp\/v2\/users\/1"}],"replies":[{"embeddable":true,"href":"https:\/\/tepuedeinteresar.cl\/umc\/wp-json\/wp\/v2\/comments?post=23340"}],"version-history":[{"count":13,"href":"https:\/\/tepuedeinteresar.cl\/umc\/wp-json\/wp\/v2\/pages\/23340\/revisions"}],"predecessor-version":[{"id":23364,"href":"https:\/\/tepuedeinteresar.cl\/umc\/wp-json\/wp\/v2\/pages\/23340\/revisions\/23364"}],"wp:attachment":[{"href":"https:\/\/tepuedeinteresar.cl\/umc\/wp-json\/wp\/v2\/media?parent=23340"}],"curies":[{"name":"wp","href":"https:\/\/api.w.org\/{rel}","templated":true}]}}