{"id":2343,"date":"2024-03-05T17:57:05","date_gmt":"2024-03-05T16:57:05","guid":{"rendered":"https:\/\/tepuedeinteresar.cl\/umc\/?page_id=2343"},"modified":"2024-03-05T18:01:26","modified_gmt":"2024-03-05T17:01:26","slug":"cristobal-pohlhammer-prieto","status":"publish","type":"page","link":"https:\/\/tepuedeinteresar.cl\/umc\/cristobal-pohlhammer-prieto\/","title":{"rendered":"Crist\u00f3bal Pohlhammer Prieto"},"content":{"rendered":"\t\t<div data-elementor-type=\"wp-page\" data-elementor-id=\"2343\" class=\"elementor elementor-2343\" data-elementor-post-type=\"page\">\n\t\t\t\t<div data-particle_enable=\"false\" data-particle-mobile-disabled=\"false\" class=\"elementor-element elementor-element-6135d7b1 e-flex e-con-boxed e-con e-parent\" data-id=\"6135d7b1\" data-element_type=\"container\" data-e-type=\"container\" data-settings=\"{&quot;background_background&quot;:&quot;classic&quot;}\">\n\t\t\t\t\t<div class=\"e-con-inner\">\n\t\t<div data-particle_enable=\"false\" data-particle-mobile-disabled=\"false\" class=\"elementor-element elementor-element-71205897 e-con-full e-flex e-con e-child\" data-id=\"71205897\" data-element_type=\"container\" data-e-type=\"container\">\n\t\t\t\t<div class=\"elementor-element elementor-element-15cb383c elementor-widget elementor-widget-heading\" data-id=\"15cb383c\" data-element_type=\"widget\" data-e-type=\"widget\" data-widget_type=\"heading.default\">\n\t\t\t\t<div class=\"elementor-widget-container\">\n\t\t\t\t\t<h2 class=\"elementor-heading-title elementor-size-default\">Crist\u00f3bal Pohlhammer Prieto\n<\/h2>\t\t\t\t<\/div>\n\t\t\t\t<\/div>\n\t\t\t\t<div class=\"elementor-element elementor-element-16c346a1 elementor-widget-divider--view-line elementor-widget elementor-widget-divider\" data-id=\"16c346a1\" data-element_type=\"widget\" data-e-type=\"widget\" data-widget_type=\"divider.default\">\n\t\t\t\t<div class=\"elementor-widget-container\">\n\t\t\t\t\t\t\t<div class=\"elementor-divider\">\n\t\t\t<span class=\"elementor-divider-separator\">\n\t\t\t\t\t\t<\/span>\n\t\t<\/div>\n\t\t\t\t\t\t<\/div>\n\t\t\t\t<\/div>\n\t\t\t\t<\/div>\n\t\t<div data-particle_enable=\"false\" data-particle-mobile-disabled=\"false\" class=\"elementor-element elementor-element-413a58cc e-con-full e-flex e-con e-child\" data-id=\"413a58cc\" data-element_type=\"container\" data-e-type=\"container\">\n\t\t\t\t<\/div>\n\t\t\t\t\t<\/div>\n\t\t\t\t<\/div>\n\t\t<div data-particle_enable=\"false\" data-particle-mobile-disabled=\"false\" class=\"elementor-element elementor-element-ce68787 e-flex e-con-boxed e-con e-parent\" data-id=\"ce68787\" data-element_type=\"container\" data-e-type=\"container\">\n\t\t\t\t\t<div class=\"e-con-inner\">\n\t\t\t\t<div class=\"elementor-element elementor-element-5ff1c4e7 elementor-widget elementor-widget-text-editor\" data-id=\"5ff1c4e7\" data-element_type=\"widget\" data-e-type=\"widget\" data-widget_type=\"text-editor.default\">\n\t\t\t\t<div class=\"elementor-widget-container\">\n\t\t\t\t\t\t\t\t\t<p>\u201cSoy Crist\u00f3bal Pohlhammer Prieto, un apasionado fot\u00f3grafo y director\u00a0audiovisual chileno de 43 a\u00f1os. Con m\u00e1s de 20 a\u00f1os de experiencia en el\u00a0mercado y en el sector cultural, he tenido el privilegio de colaborar con\u00a0m\u00fasicos y artistas locales en la creaci\u00f3n de contenidos \u00fanicos y memorables.\u00a0He cursado diferentes estudios en fotograf\u00eda y postproducci\u00f3n de imagen con\u00a0profesores de categor\u00eda mundial como son: John Greengo, Sue Bryce, Broke\u00a0Shaden, Lindsay Adler, Scott Robert Lim de la academia Creative Live.<\/p><p>He adquirido conocimientos de composici\u00f3n, correcci\u00f3n de color, c\u00e1maras digitales, moda, fotograf\u00eda de estudio, iluminaci\u00f3n con speedlights en estudio y exteriores, y software de retoque como son Adobe LightRoom y Affinity Photo\u201d.<\/p>\t\t\t\t\t\t\t\t<\/div>\n\t\t\t\t<\/div>\n\t\t\t\t<div class=\"elementor-element elementor-element-435c35af elementor-widget elementor-widget-heading\" data-id=\"435c35af\" data-element_type=\"widget\" data-e-type=\"widget\" data-widget_type=\"heading.default\">\n\t\t\t\t<div class=\"elementor-widget-container\">\n\t\t\t\t\t<h2 class=\"elementor-heading-title elementor-size-default\"><h3 style=\"margin: 0px 0px 20px;, sans-serif;line-height: 32px;font-size: 25px\"><span style=\"font-weight: 700;margin-bottom: 0px\">\u201cRetratos Cantados\u201d<\/span><\/h3><h4 style=\"margin: 0px;, sans-serif;font-weight: 600;line-height: 27px;font-size: 20px\"><span style=\"margin-bottom: 0px\">Retrato de m\u00fasicos en Estudio<\/span><\/h4><\/h2>\t\t\t\t<\/div>\n\t\t\t\t<\/div>\n\t\t\t\t\t<\/div>\n\t\t\t\t<\/div>\n\t\t<div data-particle_enable=\"false\" data-particle-mobile-disabled=\"false\" class=\"elementor-element elementor-element-724e64ca e-flex e-con-boxed e-con e-parent\" data-id=\"724e64ca\" data-element_type=\"container\" data-e-type=\"container\">\n\t\t\t\t\t<div class=\"e-con-inner\">\n\t\t<div data-particle_enable=\"false\" data-particle-mobile-disabled=\"false\" class=\"elementor-element elementor-element-5434186a e-con-full e-flex e-con e-child\" data-id=\"5434186a\" data-element_type=\"container\" data-e-type=\"container\">\n\t\t<div data-particle_enable=\"false\" data-particle-mobile-disabled=\"false\" class=\"elementor-element elementor-element-7801dd68 e-flex e-con-boxed e-con e-child\" data-id=\"7801dd68\" data-element_type=\"container\" data-e-type=\"container\">\n\t\t\t\t\t<div class=\"e-con-inner\">\n\t\t\t\t<div class=\"elementor-element elementor-element-711a47ac elementor-widget elementor-widget-image\" data-id=\"711a47ac\" data-element_type=\"widget\" data-e-type=\"widget\" data-widget_type=\"image.default\">\n\t\t\t\t<div class=\"elementor-widget-container\">\n\t\t\t\t\t\t\t\t\t\t\t\t\t\t\t<img fetchpriority=\"high\" decoding=\"async\" width=\"213\" height=\"300\" src=\"https:\/\/tepuedeinteresar.cl\/umc\/wp-content\/uploads\/2024\/03\/Retrato-Fotografia-Estudio-1-213x300-1.jpg\" class=\"attachment-large size-large wp-image-2358\" alt=\"\" \/>\t\t\t\t\t\t\t\t\t\t\t\t\t\t\t<\/div>\n\t\t\t\t<\/div>\n\t\t\t\t\t<\/div>\n\t\t\t\t<\/div>\n\t\t<div data-particle_enable=\"false\" data-particle-mobile-disabled=\"false\" class=\"elementor-element elementor-element-20ec23a8 e-flex e-con-boxed e-con e-child\" data-id=\"20ec23a8\" data-element_type=\"container\" data-e-type=\"container\">\n\t\t\t\t\t<div class=\"e-con-inner\">\n\t\t\t\t<div class=\"elementor-element elementor-element-12ec2cce elementor-widget elementor-widget-image\" data-id=\"12ec2cce\" data-element_type=\"widget\" data-e-type=\"widget\" data-widget_type=\"image.default\">\n\t\t\t\t<div class=\"elementor-widget-container\">\n\t\t\t\t\t\t\t\t\t\t\t\t\t\t\t<img decoding=\"async\" width=\"213\" height=\"300\" src=\"https:\/\/tepuedeinteresar.cl\/umc\/wp-content\/uploads\/2024\/03\/Retrato-Fotografia-Estudio-2-213x300-1.jpg\" class=\"attachment-large size-large wp-image-2357\" alt=\"\" \/>\t\t\t\t\t\t\t\t\t\t\t\t\t\t\t<\/div>\n\t\t\t\t<\/div>\n\t\t\t\t\t<\/div>\n\t\t\t\t<\/div>\n\t\t<div data-particle_enable=\"false\" data-particle-mobile-disabled=\"false\" class=\"elementor-element elementor-element-261ec4fa e-flex e-con-boxed e-con e-child\" data-id=\"261ec4fa\" data-element_type=\"container\" data-e-type=\"container\">\n\t\t\t\t\t<div class=\"e-con-inner\">\n\t\t\t\t<div class=\"elementor-element elementor-element-5cc79f7c elementor-widget elementor-widget-image\" data-id=\"5cc79f7c\" data-element_type=\"widget\" data-e-type=\"widget\" data-widget_type=\"image.default\">\n\t\t\t\t<div class=\"elementor-widget-container\">\n\t\t\t\t\t\t\t\t\t\t\t\t\t\t\t<img decoding=\"async\" width=\"213\" height=\"300\" src=\"https:\/\/tepuedeinteresar.cl\/umc\/wp-content\/uploads\/2024\/03\/Retrato-Fotografia-Estudio-3-213x300-1.jpg\" class=\"attachment-large size-large wp-image-2356\" alt=\"\" \/>\t\t\t\t\t\t\t\t\t\t\t\t\t\t\t<\/div>\n\t\t\t\t<\/div>\n\t\t\t\t\t<\/div>\n\t\t\t\t<\/div>\n\t\t\t\t<\/div>\n\t\t<div data-particle_enable=\"false\" data-particle-mobile-disabled=\"false\" class=\"elementor-element elementor-element-57f718a e-con-full e-flex e-con e-child\" data-id=\"57f718a\" data-element_type=\"container\" data-e-type=\"container\">\n\t\t<div data-particle_enable=\"false\" data-particle-mobile-disabled=\"false\" class=\"elementor-element elementor-element-4318fa8 e-flex e-con-boxed e-con e-child\" data-id=\"4318fa8\" data-element_type=\"container\" data-e-type=\"container\">\n\t\t\t\t\t<div class=\"e-con-inner\">\n\t\t\t\t<div class=\"elementor-element elementor-element-7de832d elementor-widget elementor-widget-image\" data-id=\"7de832d\" data-element_type=\"widget\" data-e-type=\"widget\" data-widget_type=\"image.default\">\n\t\t\t\t<div class=\"elementor-widget-container\">\n\t\t\t\t\t\t\t\t\t\t\t\t\t\t\t<img loading=\"lazy\" decoding=\"async\" width=\"213\" height=\"300\" src=\"https:\/\/tepuedeinteresar.cl\/umc\/wp-content\/uploads\/2024\/03\/Retrato-Fotografia-Estudio-4-213x300-1.jpg\" class=\"attachment-large size-large wp-image-2355\" alt=\"\" \/>\t\t\t\t\t\t\t\t\t\t\t\t\t\t\t<\/div>\n\t\t\t\t<\/div>\n\t\t\t\t\t<\/div>\n\t\t\t\t<\/div>\n\t\t<div data-particle_enable=\"false\" data-particle-mobile-disabled=\"false\" class=\"elementor-element elementor-element-f5b1c99 e-flex e-con-boxed e-con e-child\" data-id=\"f5b1c99\" data-element_type=\"container\" data-e-type=\"container\">\n\t\t\t\t\t<div class=\"e-con-inner\">\n\t\t\t\t<div class=\"elementor-element elementor-element-01dc971 elementor-widget elementor-widget-image\" data-id=\"01dc971\" data-element_type=\"widget\" data-e-type=\"widget\" data-widget_type=\"image.default\">\n\t\t\t\t<div class=\"elementor-widget-container\">\n\t\t\t\t\t\t\t\t\t\t\t\t\t\t\t<img loading=\"lazy\" decoding=\"async\" width=\"213\" height=\"300\" src=\"https:\/\/tepuedeinteresar.cl\/umc\/wp-content\/uploads\/2024\/03\/Retrato-Fotografia-Estudio-5-213x300-1.jpg\" class=\"attachment-large size-large wp-image-2354\" alt=\"\" \/>\t\t\t\t\t\t\t\t\t\t\t\t\t\t\t<\/div>\n\t\t\t\t<\/div>\n\t\t\t\t\t<\/div>\n\t\t\t\t<\/div>\n\t\t<div data-particle_enable=\"false\" data-particle-mobile-disabled=\"false\" class=\"elementor-element elementor-element-c0192c6 e-flex e-con-boxed e-con e-child\" data-id=\"c0192c6\" data-element_type=\"container\" data-e-type=\"container\">\n\t\t\t\t\t<div class=\"e-con-inner\">\n\t\t\t\t<div class=\"elementor-element elementor-element-bc2cf4f elementor-widget elementor-widget-image\" data-id=\"bc2cf4f\" data-element_type=\"widget\" data-e-type=\"widget\" data-widget_type=\"image.default\">\n\t\t\t\t<div class=\"elementor-widget-container\">\n\t\t\t\t\t\t\t\t\t\t\t\t\t\t\t<img loading=\"lazy\" decoding=\"async\" width=\"213\" height=\"300\" src=\"https:\/\/tepuedeinteresar.cl\/umc\/wp-content\/uploads\/2024\/03\/Retrato-Fotografia-Estudio-6-213x300-1.jpg\" class=\"attachment-large size-large wp-image-2353\" alt=\"\" \/>\t\t\t\t\t\t\t\t\t\t\t\t\t\t\t<\/div>\n\t\t\t\t<\/div>\n\t\t\t\t\t<\/div>\n\t\t\t\t<\/div>\n\t\t\t\t<\/div>\n\t\t<div data-particle_enable=\"false\" data-particle-mobile-disabled=\"false\" class=\"elementor-element elementor-element-a9e0e1c e-con-full e-flex e-con e-child\" data-id=\"a9e0e1c\" data-element_type=\"container\" data-e-type=\"container\">\n\t\t<div data-particle_enable=\"false\" data-particle-mobile-disabled=\"false\" class=\"elementor-element elementor-element-b4e6702 e-flex e-con-boxed e-con e-child\" data-id=\"b4e6702\" data-element_type=\"container\" data-e-type=\"container\">\n\t\t\t\t\t<div class=\"e-con-inner\">\n\t\t\t\t<div class=\"elementor-element elementor-element-1a73c80 elementor-widget elementor-widget-image\" data-id=\"1a73c80\" data-element_type=\"widget\" data-e-type=\"widget\" data-widget_type=\"image.default\">\n\t\t\t\t<div class=\"elementor-widget-container\">\n\t\t\t\t\t\t\t\t\t\t\t\t\t\t\t<img loading=\"lazy\" decoding=\"async\" width=\"213\" height=\"300\" src=\"https:\/\/tepuedeinteresar.cl\/umc\/wp-content\/uploads\/2024\/03\/Retrato-Fotografia-Estudio-7-213x300-1.jpg\" class=\"attachment-large size-large wp-image-2352\" alt=\"\" \/>\t\t\t\t\t\t\t\t\t\t\t\t\t\t\t<\/div>\n\t\t\t\t<\/div>\n\t\t\t\t\t<\/div>\n\t\t\t\t<\/div>\n\t\t<div data-particle_enable=\"false\" data-particle-mobile-disabled=\"false\" class=\"elementor-element elementor-element-d6507cf e-flex e-con-boxed e-con e-child\" data-id=\"d6507cf\" data-element_type=\"container\" data-e-type=\"container\">\n\t\t\t\t\t<div class=\"e-con-inner\">\n\t\t\t\t<div class=\"elementor-element elementor-element-64352f5 elementor-widget elementor-widget-image\" data-id=\"64352f5\" data-element_type=\"widget\" data-e-type=\"widget\" data-widget_type=\"image.default\">\n\t\t\t\t<div class=\"elementor-widget-container\">\n\t\t\t\t\t\t\t\t\t\t\t\t\t\t\t<img loading=\"lazy\" decoding=\"async\" width=\"213\" height=\"300\" src=\"https:\/\/tepuedeinteresar.cl\/umc\/wp-content\/uploads\/2024\/03\/Retrato-Fotografia-Estudio-8-213x300-1.jpg\" class=\"attachment-large size-large wp-image-2351\" alt=\"\" \/>\t\t\t\t\t\t\t\t\t\t\t\t\t\t\t<\/div>\n\t\t\t\t<\/div>\n\t\t\t\t\t<\/div>\n\t\t\t\t<\/div>\n\t\t<div data-particle_enable=\"false\" data-particle-mobile-disabled=\"false\" class=\"elementor-element elementor-element-4befa3f e-flex e-con-boxed e-con e-child\" data-id=\"4befa3f\" data-element_type=\"container\" data-e-type=\"container\">\n\t\t\t\t\t<div class=\"e-con-inner\">\n\t\t\t\t<div class=\"elementor-element elementor-element-56742cf elementor-widget elementor-widget-image\" data-id=\"56742cf\" data-element_type=\"widget\" data-e-type=\"widget\" data-widget_type=\"image.default\">\n\t\t\t\t<div class=\"elementor-widget-container\">\n\t\t\t\t\t\t\t\t\t\t\t\t\t\t\t<img loading=\"lazy\" decoding=\"async\" width=\"213\" height=\"300\" src=\"https:\/\/tepuedeinteresar.cl\/umc\/wp-content\/uploads\/2024\/03\/Retrato-Fotografia-Estudio-9-213x300-1.jpg\" class=\"attachment-large size-large wp-image-2350\" alt=\"\" \/>\t\t\t\t\t\t\t\t\t\t\t\t\t\t\t<\/div>\n\t\t\t\t<\/div>\n\t\t\t\t\t<\/div>\n\t\t\t\t<\/div>\n\t\t\t\t<\/div>\n\t\t<div data-particle_enable=\"false\" data-particle-mobile-disabled=\"false\" class=\"elementor-element elementor-element-534f8f4 e-con-full e-flex e-con e-child\" data-id=\"534f8f4\" data-element_type=\"container\" data-e-type=\"container\">\n\t\t<div data-particle_enable=\"false\" data-particle-mobile-disabled=\"false\" class=\"elementor-element elementor-element-75cc6d0 e-flex e-con-boxed e-con e-child\" data-id=\"75cc6d0\" data-element_type=\"container\" data-e-type=\"container\">\n\t\t\t\t\t<div class=\"e-con-inner\">\n\t\t\t\t<div class=\"elementor-element elementor-element-7083eaa elementor-widget elementor-widget-image\" data-id=\"7083eaa\" data-element_type=\"widget\" data-e-type=\"widget\" data-widget_type=\"image.default\">\n\t\t\t\t<div class=\"elementor-widget-container\">\n\t\t\t\t\t\t\t\t\t\t\t\t\t\t\t<img loading=\"lazy\" decoding=\"async\" width=\"213\" height=\"300\" src=\"https:\/\/tepuedeinteresar.cl\/umc\/wp-content\/uploads\/2024\/03\/Retrato-Fotografia-Estudio-10-213x300-1.jpg\" class=\"attachment-large size-large wp-image-2349\" alt=\"\" \/>\t\t\t\t\t\t\t\t\t\t\t\t\t\t\t<\/div>\n\t\t\t\t<\/div>\n\t\t\t\t\t<\/div>\n\t\t\t\t<\/div>\n\t\t<div data-particle_enable=\"false\" data-particle-mobile-disabled=\"false\" class=\"elementor-element elementor-element-baf33b7 e-flex e-con-boxed e-con e-child\" data-id=\"baf33b7\" data-element_type=\"container\" data-e-type=\"container\">\n\t\t\t\t\t<div class=\"e-con-inner\">\n\t\t\t\t<div class=\"elementor-element elementor-element-41db071 elementor-widget elementor-widget-image\" data-id=\"41db071\" data-element_type=\"widget\" data-e-type=\"widget\" data-widget_type=\"image.default\">\n\t\t\t\t<div class=\"elementor-widget-container\">\n\t\t\t\t\t\t\t\t\t\t\t\t\t\t\t<img loading=\"lazy\" decoding=\"async\" width=\"213\" height=\"300\" src=\"https:\/\/tepuedeinteresar.cl\/umc\/wp-content\/uploads\/2024\/03\/Retrato-Fotografia-Estudio-11-213x300-1.jpg\" class=\"attachment-large size-large wp-image-2348\" alt=\"\" \/>\t\t\t\t\t\t\t\t\t\t\t\t\t\t\t<\/div>\n\t\t\t\t<\/div>\n\t\t\t\t\t<\/div>\n\t\t\t\t<\/div>\n\t\t<div data-particle_enable=\"false\" data-particle-mobile-disabled=\"false\" class=\"elementor-element elementor-element-2cd417a e-flex e-con-boxed e-con e-child\" data-id=\"2cd417a\" data-element_type=\"container\" data-e-type=\"container\">\n\t\t\t\t\t<div class=\"e-con-inner\">\n\t\t\t\t<div class=\"elementor-element elementor-element-446acc5 elementor-widget elementor-widget-image\" data-id=\"446acc5\" data-element_type=\"widget\" data-e-type=\"widget\" data-widget_type=\"image.default\">\n\t\t\t\t<div class=\"elementor-widget-container\">\n\t\t\t\t\t\t\t\t\t\t\t\t\t\t\t<img loading=\"lazy\" decoding=\"async\" width=\"213\" height=\"300\" src=\"https:\/\/tepuedeinteresar.cl\/umc\/wp-content\/uploads\/2024\/03\/Retrato-Fotografia-Estudio-12-213x300-1.jpg\" class=\"attachment-large size-large wp-image-2347\" alt=\"\" \/>\t\t\t\t\t\t\t\t\t\t\t\t\t\t\t<\/div>\n\t\t\t\t<\/div>\n\t\t\t\t\t<\/div>\n\t\t\t\t<\/div>\n\t\t\t\t<\/div>\n\t\t<div data-particle_enable=\"false\" data-particle-mobile-disabled=\"false\" class=\"elementor-element elementor-element-c6c7ed4 e-con-full e-flex e-con e-child\" data-id=\"c6c7ed4\" data-element_type=\"container\" data-e-type=\"container\">\n\t\t<div data-particle_enable=\"false\" data-particle-mobile-disabled=\"false\" class=\"elementor-element elementor-element-df7a8a4 e-flex e-con-boxed e-con e-child\" data-id=\"df7a8a4\" data-element_type=\"container\" data-e-type=\"container\">\n\t\t\t\t\t<div class=\"e-con-inner\">\n\t\t\t\t<div class=\"elementor-element elementor-element-feaa201 elementor-widget elementor-widget-image\" data-id=\"feaa201\" data-element_type=\"widget\" data-e-type=\"widget\" data-widget_type=\"image.default\">\n\t\t\t\t<div class=\"elementor-widget-container\">\n\t\t\t\t\t\t\t\t\t\t\t\t\t\t\t<img loading=\"lazy\" decoding=\"async\" width=\"213\" height=\"300\" src=\"https:\/\/tepuedeinteresar.cl\/umc\/wp-content\/uploads\/2024\/03\/Retrato-Fotografia-Estudio-13-213x300-1.jpg\" class=\"attachment-large size-large wp-image-2346\" alt=\"\" \/>\t\t\t\t\t\t\t\t\t\t\t\t\t\t\t<\/div>\n\t\t\t\t<\/div>\n\t\t\t\t\t<\/div>\n\t\t\t\t<\/div>\n\t\t\t\t<\/div>\n\t\t\t\t\t<\/div>\n\t\t\t\t<\/div>\n\t\t\t\t<\/div>\n\t\t","protected":false},"excerpt":{"rendered":"<p>Crist\u00f3bal Pohlhammer Prieto \u201cSoy Crist\u00f3bal Pohlhammer Prieto, un apasionado fot\u00f3grafo y director\u00a0audiovisual chileno de 43 a\u00f1os. Con m\u00e1s de 20 a\u00f1os de experiencia en el\u00a0mercado y en el sector cultural, he tenido el privilegio de colaborar con\u00a0m\u00fasicos y artistas locales en la creaci\u00f3n de contenidos \u00fanicos y memorables.\u00a0He cursado diferentes estudios en fotograf\u00eda y postproducci\u00f3n [&hellip;]<\/p>\n","protected":false},"author":1,"featured_media":0,"parent":0,"menu_order":0,"comment_status":"closed","ping_status":"closed","template":"elementor_header_footer","meta":{"footnotes":""},"class_list":["post-2343","page","type-page","status-publish","hentry"],"_links":{"self":[{"href":"https:\/\/tepuedeinteresar.cl\/umc\/wp-json\/wp\/v2\/pages\/2343"}],"collection":[{"href":"https:\/\/tepuedeinteresar.cl\/umc\/wp-json\/wp\/v2\/pages"}],"about":[{"href":"https:\/\/tepuedeinteresar.cl\/umc\/wp-json\/wp\/v2\/types\/page"}],"author":[{"embeddable":true,"href":"https:\/\/tepuedeinteresar.cl\/umc\/wp-json\/wp\/v2\/users\/1"}],"replies":[{"embeddable":true,"href":"https:\/\/tepuedeinteresar.cl\/umc\/wp-json\/wp\/v2\/comments?post=2343"}],"version-history":[{"count":4,"href":"https:\/\/tepuedeinteresar.cl\/umc\/wp-json\/wp\/v2\/pages\/2343\/revisions"}],"predecessor-version":[{"id":2361,"href":"https:\/\/tepuedeinteresar.cl\/umc\/wp-json\/wp\/v2\/pages\/2343\/revisions\/2361"}],"wp:attachment":[{"href":"https:\/\/tepuedeinteresar.cl\/umc\/wp-json\/wp\/v2\/media?parent=2343"}],"curies":[{"name":"wp","href":"https:\/\/api.w.org\/{rel}","templated":true}]}}