{"id":24027,"date":"2024-09-02T00:34:03","date_gmt":"2024-09-02T04:34:03","guid":{"rendered":"https:\/\/tepuedeinteresar.cl\/umc\/?page_id=24027"},"modified":"2024-09-02T00:34:58","modified_gmt":"2024-09-02T04:34:58","slug":"lorenzo-moya","status":"publish","type":"page","link":"https:\/\/tepuedeinteresar.cl\/umc\/lorenzo-moya\/","title":{"rendered":"Lorenzo Moya"},"content":{"rendered":"\t\t<div data-elementor-type=\"wp-page\" data-elementor-id=\"24027\" class=\"elementor elementor-24027\" data-elementor-post-type=\"page\">\n\t\t\t\t<div data-particle_enable=\"false\" data-particle-mobile-disabled=\"false\" class=\"elementor-element elementor-element-54795796 e-flex e-con-boxed e-con e-parent\" data-id=\"54795796\" data-element_type=\"container\" data-e-type=\"container\" data-settings=\"{&quot;background_background&quot;:&quot;classic&quot;}\">\n\t\t\t\t\t<div class=\"e-con-inner\">\n\t\t<div data-particle_enable=\"false\" data-particle-mobile-disabled=\"false\" class=\"elementor-element elementor-element-2442fe78 e-con-full e-flex e-con e-child\" data-id=\"2442fe78\" data-element_type=\"container\" data-e-type=\"container\">\n\t\t\t\t<div class=\"elementor-element elementor-element-20038496 elementor-widget elementor-widget-heading\" data-id=\"20038496\" data-element_type=\"widget\" data-e-type=\"widget\" data-widget_type=\"heading.default\">\n\t\t\t\t<div class=\"elementor-widget-container\">\n\t\t\t\t\t<h2 class=\"elementor-heading-title elementor-size-default\">Lorenzo Moya<\/h2>\t\t\t\t<\/div>\n\t\t\t\t<\/div>\n\t\t\t\t<div class=\"elementor-element elementor-element-536cac23 elementor-widget-divider--view-line elementor-widget elementor-widget-divider\" data-id=\"536cac23\" data-element_type=\"widget\" data-e-type=\"widget\" data-widget_type=\"divider.default\">\n\t\t\t\t<div class=\"elementor-widget-container\">\n\t\t\t\t\t\t\t<div class=\"elementor-divider\">\n\t\t\t<span class=\"elementor-divider-separator\">\n\t\t\t\t\t\t<\/span>\n\t\t<\/div>\n\t\t\t\t\t\t<\/div>\n\t\t\t\t<\/div>\n\t\t\t\t<\/div>\n\t\t<div data-particle_enable=\"false\" data-particle-mobile-disabled=\"false\" class=\"elementor-element elementor-element-56cd8039 e-con-full e-flex e-con e-child\" data-id=\"56cd8039\" data-element_type=\"container\" data-e-type=\"container\">\n\t\t\t\t<\/div>\n\t\t\t\t\t<\/div>\n\t\t\t\t<\/div>\n\t\t<div data-particle_enable=\"false\" data-particle-mobile-disabled=\"false\" class=\"elementor-element elementor-element-362126bf e-flex e-con-boxed e-con e-parent\" data-id=\"362126bf\" data-element_type=\"container\" data-e-type=\"container\">\n\t\t\t\t\t<div class=\"e-con-inner\">\n\t\t\t\t<div class=\"elementor-element elementor-element-1dea6a6a elementor-widget elementor-widget-text-editor\" data-id=\"1dea6a6a\" data-element_type=\"widget\" data-e-type=\"widget\" data-widget_type=\"text-editor.default\">\n\t\t\t\t<div class=\"elementor-widget-container\">\n\t\t\t\t\t\t\t\t\t<p>\u201cNaci\u00f3 en Paine, Chile el a\u00f1o 1967. Estudi\u00f3 pintura de figura humana en el Instituto de Arte Contempor\u00e1neo en 1984. ingres\u00f3 a la carrera de Arquitectura en la Universidad Cat\u00f3lica de Chile en 1985, y entre 1986 y 1990 estudi\u00f3 Licenciatura en Arte, con menci\u00f3n en pintura, en la Universidad de Chile.<\/p><p>La tem\u00e1tica de su obra pict\u00f3rica, de preferencia en acr\u00edlico sobre tela, evolucion\u00f3 desde la figura humana a los paisajes, preferentemente marinos, siguiendo un estilo figurativo ingenuo y surrealista. El artista crea mundos enigm\u00e1ticos y l\u00fadicos donde aparecen barcos suspendidos en horizontes calmos, personajes austeros y solitarios en medio de la naturaleza que evocan nostalgia, precariedad y temor ante una amenaza latente pero indefinida.<\/p><p>En sus cuadros, lo on\u00edrico pasa a ser algo silencioso y lejano que transcurre convirti\u00e9ndose en una mezcla de misteriosa poes\u00eda en una imagen, representada en una visi\u00f3n transgresora caracterizada por una mirada que busca la sorpresa en cada detalle. \u00a0 El artista nacional Lorenzo Moya ha expuesto en forma individual en centros culturales de Santiago y Estados Unidos, y participado en diversas exposiciones colectivas, por ejemplo, en: Argentina, Espa\u00f1a, Holanda, Ecuador, Estados Unidos, Brasil y Per\u00fa. A lo largo de su carrera, Lorenzo Moya ha obtenido numerosas distinciones, entre ellas, la Beca Amigos del Arte, el primer lugar en el Concurso de Murales de la Asociaci\u00f3n Chilena de Seguridad, una Menci\u00f3n Honrosa en la Bienal de Buenos Aires, el Primer Lugar en el concurso Enersis \u201cEnerg\u00eda y Luz\u201d, el Primer Lugar en el Concurso Nestl\u00e9 y el Premio Alcatel, Amigos Del Arte.<\/p><p>Fue seleccionado para participar en el Concurso \u201cSi la Tierra hablara\u201d para exponer en el Museo de Arte de las Am\u00e9ricas en Washington D.C, Estados Unidos. \u201cVivo rodeado de paisaje, no solo el campo, para m\u00ed todo es un paisaje\u2026 la cordillera la veo todos los d\u00edas y evidentemente influye en mi pintura como actor principal.\u00a0La mayor\u00eda de los lugares que pinto existen, y el estado en alg\u00fan momento ah\u00ed, adem\u00e1s de pintar en ese mismo lugar es una experiencia muy intensa, una especie de conexi\u00f3n directa \u201c.<\/p>\t\t\t\t\t\t\t\t<\/div>\n\t\t\t\t<\/div>\n\t\t\t\t\t<\/div>\n\t\t\t\t<\/div>\n\t\t<div data-particle_enable=\"false\" data-particle-mobile-disabled=\"false\" class=\"elementor-element elementor-element-d95c8b0 e-flex e-con-boxed e-con e-parent\" data-id=\"d95c8b0\" data-element_type=\"container\" data-e-type=\"container\">\n\t\t\t\t\t<div class=\"e-con-inner\">\n\t\t\t\t<div class=\"elementor-element elementor-element-b0e3327 gallery-spacing-custom elementor-widget elementor-widget-image-gallery\" data-id=\"b0e3327\" data-element_type=\"widget\" data-e-type=\"widget\" data-widget_type=\"image-gallery.default\">\n\t\t\t\t<div class=\"elementor-widget-container\">\n\t\t\t\t\t\t\t<div class=\"elementor-image-gallery\">\n\t\t\t<div id='gallery-1' class='gallery galleryid-24027 gallery-columns-4 gallery-size-large'><figure class='gallery-item'>\n\t\t\t<div class='gallery-icon landscape'>\n\t\t\t\t<a data-elementor-open-lightbox=\"yes\" data-elementor-lightbox-slideshow=\"b0e3327\" data-elementor-lightbox-title=\"IMG_20200303_105810337_HDR-300x262\" data-e-action-hash=\"#elementor-action%3Aaction%3Dlightbox%26settings%3DeyJpZCI6MjQwMjksInVybCI6Imh0dHBzOlwvXC90ZXB1ZWRlaW50ZXJlc2FyLmNsXC91bWNcL3dwLWNvbnRlbnRcL3VwbG9hZHNcLzIwMjRcLzA5XC9JTUdfMjAyMDAzMDNfMTA1ODEwMzM3X0hEUi0zMDB4MjYyLTEuanBlZyIsInNsaWRlc2hvdyI6ImIwZTMzMjcifQ%3D%3D\" href='https:\/\/tepuedeinteresar.cl\/umc\/wp-content\/uploads\/2024\/09\/IMG_20200303_105810337_HDR-300x262-1.jpeg'><img fetchpriority=\"high\" decoding=\"async\" width=\"300\" height=\"262\" src=\"https:\/\/tepuedeinteresar.cl\/umc\/wp-content\/uploads\/2024\/09\/IMG_20200303_105810337_HDR-300x262-1.jpeg\" class=\"attachment-large size-large\" alt=\"\" \/><\/a>\n\t\t\t<\/div><\/figure><figure class='gallery-item'>\n\t\t\t<div class='gallery-icon portrait'>\n\t\t\t\t<a data-elementor-open-lightbox=\"yes\" data-elementor-lightbox-slideshow=\"b0e3327\" data-elementor-lightbox-title=\"IMG_4629.1-245x300\" data-e-action-hash=\"#elementor-action%3Aaction%3Dlightbox%26settings%3DeyJpZCI6MjQwMzAsInVybCI6Imh0dHBzOlwvXC90ZXB1ZWRlaW50ZXJlc2FyLmNsXC91bWNcL3dwLWNvbnRlbnRcL3VwbG9hZHNcLzIwMjRcLzA5XC9JTUdfNDYyOS4xLTI0NXgzMDAtMS5qcGciLCJzbGlkZXNob3ciOiJiMGUzMzI3In0%3D\" href='https:\/\/tepuedeinteresar.cl\/umc\/wp-content\/uploads\/2024\/09\/IMG_4629.1-245x300-1.jpg'><img decoding=\"async\" width=\"245\" height=\"300\" src=\"https:\/\/tepuedeinteresar.cl\/umc\/wp-content\/uploads\/2024\/09\/IMG_4629.1-245x300-1.jpg\" class=\"attachment-large size-large\" alt=\"\" \/><\/a>\n\t\t\t<\/div><\/figure><figure class='gallery-item'>\n\t\t\t<div class='gallery-icon landscape'>\n\t\t\t\t<a data-elementor-open-lightbox=\"yes\" data-elementor-lightbox-slideshow=\"b0e3327\" data-elementor-lightbox-title=\"IMG_20190403_175839836-300x297\" data-e-action-hash=\"#elementor-action%3Aaction%3Dlightbox%26settings%3DeyJpZCI6MjQwMzEsInVybCI6Imh0dHBzOlwvXC90ZXB1ZWRlaW50ZXJlc2FyLmNsXC91bWNcL3dwLWNvbnRlbnRcL3VwbG9hZHNcLzIwMjRcLzA5XC9JTUdfMjAxOTA0MDNfMTc1ODM5ODM2LTMwMHgyOTctMS5qcGVnIiwic2xpZGVzaG93IjoiYjBlMzMyNyJ9\" href='https:\/\/tepuedeinteresar.cl\/umc\/wp-content\/uploads\/2024\/09\/IMG_20190403_175839836-300x297-1.jpeg'><img decoding=\"async\" width=\"300\" height=\"297\" src=\"https:\/\/tepuedeinteresar.cl\/umc\/wp-content\/uploads\/2024\/09\/IMG_20190403_175839836-300x297-1.jpeg\" class=\"attachment-large size-large\" alt=\"\" srcset=\"https:\/\/tepuedeinteresar.cl\/umc\/wp-content\/uploads\/2024\/09\/IMG_20190403_175839836-300x297-1.jpeg 300w, https:\/\/tepuedeinteresar.cl\/umc\/wp-content\/uploads\/2024\/09\/IMG_20190403_175839836-300x297-1-150x150.jpeg 150w\" sizes=\"(max-width: 300px) 100vw, 300px\" \/><\/a>\n\t\t\t<\/div><\/figure><figure class='gallery-item'>\n\t\t\t<div class='gallery-icon portrait'>\n\t\t\t\t<a data-elementor-open-lightbox=\"yes\" data-elementor-lightbox-slideshow=\"b0e3327\" data-elementor-lightbox-title=\"IMG_4330.1-225x300\" data-e-action-hash=\"#elementor-action%3Aaction%3Dlightbox%26settings%3DeyJpZCI6MjQwMzIsInVybCI6Imh0dHBzOlwvXC90ZXB1ZWRlaW50ZXJlc2FyLmNsXC91bWNcL3dwLWNvbnRlbnRcL3VwbG9hZHNcLzIwMjRcLzA5XC9JTUdfNDMzMC4xLTIyNXgzMDAtMS5qcGciLCJzbGlkZXNob3ciOiJiMGUzMzI3In0%3D\" href='https:\/\/tepuedeinteresar.cl\/umc\/wp-content\/uploads\/2024\/09\/IMG_4330.1-225x300-1.jpg'><img loading=\"lazy\" decoding=\"async\" width=\"225\" height=\"300\" src=\"https:\/\/tepuedeinteresar.cl\/umc\/wp-content\/uploads\/2024\/09\/IMG_4330.1-225x300-1.jpg\" class=\"attachment-large size-large\" alt=\"\" \/><\/a>\n\t\t\t<\/div><\/figure><figure class='gallery-item'>\n\t\t\t<div class='gallery-icon portrait'>\n\t\t\t\t<a data-elementor-open-lightbox=\"yes\" data-elementor-lightbox-slideshow=\"b0e3327\" data-elementor-lightbox-title=\"IMG_0788-260x300\" data-e-action-hash=\"#elementor-action%3Aaction%3Dlightbox%26settings%3DeyJpZCI6MjQwMzMsInVybCI6Imh0dHBzOlwvXC90ZXB1ZWRlaW50ZXJlc2FyLmNsXC91bWNcL3dwLWNvbnRlbnRcL3VwbG9hZHNcLzIwMjRcLzA5XC9JTUdfMDc4OC0yNjB4MzAwLTEuanBnIiwic2xpZGVzaG93IjoiYjBlMzMyNyJ9\" href='https:\/\/tepuedeinteresar.cl\/umc\/wp-content\/uploads\/2024\/09\/IMG_0788-260x300-1.jpg'><img loading=\"lazy\" decoding=\"async\" width=\"260\" height=\"300\" src=\"https:\/\/tepuedeinteresar.cl\/umc\/wp-content\/uploads\/2024\/09\/IMG_0788-260x300-1.jpg\" class=\"attachment-large size-large\" alt=\"\" \/><\/a>\n\t\t\t<\/div><\/figure><figure class='gallery-item'>\n\t\t\t<div class='gallery-icon portrait'>\n\t\t\t\t<a data-elementor-open-lightbox=\"yes\" data-elementor-lightbox-slideshow=\"b0e3327\" data-elementor-lightbox-title=\"IMG_0750.1-270x300\" data-e-action-hash=\"#elementor-action%3Aaction%3Dlightbox%26settings%3DeyJpZCI6MjQwMzQsInVybCI6Imh0dHBzOlwvXC90ZXB1ZWRlaW50ZXJlc2FyLmNsXC91bWNcL3dwLWNvbnRlbnRcL3VwbG9hZHNcLzIwMjRcLzA5XC9JTUdfMDc1MC4xLTI3MHgzMDAtMS5qcGciLCJzbGlkZXNob3ciOiJiMGUzMzI3In0%3D\" href='https:\/\/tepuedeinteresar.cl\/umc\/wp-content\/uploads\/2024\/09\/IMG_0750.1-270x300-1.jpg'><img loading=\"lazy\" decoding=\"async\" width=\"270\" height=\"300\" src=\"https:\/\/tepuedeinteresar.cl\/umc\/wp-content\/uploads\/2024\/09\/IMG_0750.1-270x300-1.jpg\" class=\"attachment-large size-large\" alt=\"\" \/><\/a>\n\t\t\t<\/div><\/figure><figure class='gallery-item'>\n\t\t\t<div class='gallery-icon landscape'>\n\t\t\t\t<a data-elementor-open-lightbox=\"yes\" data-elementor-lightbox-slideshow=\"b0e3327\" data-elementor-lightbox-title=\"IMG_6582.1-1-300x242\" data-e-action-hash=\"#elementor-action%3Aaction%3Dlightbox%26settings%3DeyJpZCI6MjQwMzUsInVybCI6Imh0dHBzOlwvXC90ZXB1ZWRlaW50ZXJlc2FyLmNsXC91bWNcL3dwLWNvbnRlbnRcL3VwbG9hZHNcLzIwMjRcLzA5XC9JTUdfNjU4Mi4xLTEtMzAweDI0Mi0xLmpwZyIsInNsaWRlc2hvdyI6ImIwZTMzMjcifQ%3D%3D\" href='https:\/\/tepuedeinteresar.cl\/umc\/wp-content\/uploads\/2024\/09\/IMG_6582.1-1-300x242-1.jpg'><img loading=\"lazy\" decoding=\"async\" width=\"300\" height=\"242\" src=\"https:\/\/tepuedeinteresar.cl\/umc\/wp-content\/uploads\/2024\/09\/IMG_6582.1-1-300x242-1.jpg\" class=\"attachment-large size-large\" alt=\"\" \/><\/a>\n\t\t\t<\/div><\/figure><figure class='gallery-item'>\n\t\t\t<div class='gallery-icon portrait'>\n\t\t\t\t<a data-elementor-open-lightbox=\"yes\" data-elementor-lightbox-slideshow=\"b0e3327\" data-elementor-lightbox-title=\"IMG_3668-280x300\" data-e-action-hash=\"#elementor-action%3Aaction%3Dlightbox%26settings%3DeyJpZCI6MjQwMzYsInVybCI6Imh0dHBzOlwvXC90ZXB1ZWRlaW50ZXJlc2FyLmNsXC91bWNcL3dwLWNvbnRlbnRcL3VwbG9hZHNcLzIwMjRcLzA5XC9JTUdfMzY2OC0yODB4MzAwLTEuanBlZyIsInNsaWRlc2hvdyI6ImIwZTMzMjcifQ%3D%3D\" href='https:\/\/tepuedeinteresar.cl\/umc\/wp-content\/uploads\/2024\/09\/IMG_3668-280x300-1.jpeg'><img loading=\"lazy\" decoding=\"async\" width=\"280\" height=\"300\" src=\"https:\/\/tepuedeinteresar.cl\/umc\/wp-content\/uploads\/2024\/09\/IMG_3668-280x300-1.jpeg\" class=\"attachment-large size-large\" alt=\"\" \/><\/a>\n\t\t\t<\/div><\/figure><figure class='gallery-item'>\n\t\t\t<div class='gallery-icon landscape'>\n\t\t\t\t<a data-elementor-open-lightbox=\"yes\" data-elementor-lightbox-slideshow=\"b0e3327\" data-elementor-lightbox-title=\"IMG_3776-300x300\" data-e-action-hash=\"#elementor-action%3Aaction%3Dlightbox%26settings%3DeyJpZCI6MjQwMzcsInVybCI6Imh0dHBzOlwvXC90ZXB1ZWRlaW50ZXJlc2FyLmNsXC91bWNcL3dwLWNvbnRlbnRcL3VwbG9hZHNcLzIwMjRcLzA5XC9JTUdfMzc3Ni0zMDB4MzAwLTEuanBlZyIsInNsaWRlc2hvdyI6ImIwZTMzMjcifQ%3D%3D\" href='https:\/\/tepuedeinteresar.cl\/umc\/wp-content\/uploads\/2024\/09\/IMG_3776-300x300-1.jpeg'><img loading=\"lazy\" decoding=\"async\" width=\"300\" height=\"300\" src=\"https:\/\/tepuedeinteresar.cl\/umc\/wp-content\/uploads\/2024\/09\/IMG_3776-300x300-1.jpeg\" class=\"attachment-large size-large\" alt=\"\" srcset=\"https:\/\/tepuedeinteresar.cl\/umc\/wp-content\/uploads\/2024\/09\/IMG_3776-300x300-1.jpeg 300w, https:\/\/tepuedeinteresar.cl\/umc\/wp-content\/uploads\/2024\/09\/IMG_3776-300x300-1-150x150.jpeg 150w\" sizes=\"(max-width: 300px) 100vw, 300px\" \/><\/a>\n\t\t\t<\/div><\/figure><figure class='gallery-item'>\n\t\t\t<div class='gallery-icon portrait'>\n\t\t\t\t<a data-elementor-open-lightbox=\"yes\" data-elementor-lightbox-slideshow=\"b0e3327\" data-elementor-lightbox-title=\"F92515E2-B2A2-4A5C-9FE1-AABA1843046C-276x300\" data-e-action-hash=\"#elementor-action%3Aaction%3Dlightbox%26settings%3DeyJpZCI6MjQwMzgsInVybCI6Imh0dHBzOlwvXC90ZXB1ZWRlaW50ZXJlc2FyLmNsXC91bWNcL3dwLWNvbnRlbnRcL3VwbG9hZHNcLzIwMjRcLzA5XC9GOTI1MTVFMi1CMkEyLTRBNUMtOUZFMS1BQUJBMTg0MzA0NkMtMjc2eDMwMC0xLmpwZWciLCJzbGlkZXNob3ciOiJiMGUzMzI3In0%3D\" href='https:\/\/tepuedeinteresar.cl\/umc\/wp-content\/uploads\/2024\/09\/F92515E2-B2A2-4A5C-9FE1-AABA1843046C-276x300-1.jpeg'><img loading=\"lazy\" decoding=\"async\" width=\"276\" height=\"300\" src=\"https:\/\/tepuedeinteresar.cl\/umc\/wp-content\/uploads\/2024\/09\/F92515E2-B2A2-4A5C-9FE1-AABA1843046C-276x300-1.jpeg\" class=\"attachment-large size-large\" alt=\"\" \/><\/a>\n\t\t\t<\/div><\/figure><figure class='gallery-item'>\n\t\t\t<div class='gallery-icon landscape'>\n\t\t\t\t<a data-elementor-open-lightbox=\"yes\" data-elementor-lightbox-slideshow=\"b0e3327\" data-elementor-lightbox-title=\"BB49FB75-0DAC-4445-847B-00E4F1A877D7-300x300\" data-e-action-hash=\"#elementor-action%3Aaction%3Dlightbox%26settings%3DeyJpZCI6MjQwMzksInVybCI6Imh0dHBzOlwvXC90ZXB1ZWRlaW50ZXJlc2FyLmNsXC91bWNcL3dwLWNvbnRlbnRcL3VwbG9hZHNcLzIwMjRcLzA5XC9CQjQ5RkI3NS0wREFDLTQ0NDUtODQ3Qi0wMEU0RjFBODc3RDctMzAweDMwMC0xLmpwZWciLCJzbGlkZXNob3ciOiJiMGUzMzI3In0%3D\" href='https:\/\/tepuedeinteresar.cl\/umc\/wp-content\/uploads\/2024\/09\/BB49FB75-0DAC-4445-847B-00E4F1A877D7-300x300-1.jpeg'><img loading=\"lazy\" decoding=\"async\" width=\"300\" height=\"300\" src=\"https:\/\/tepuedeinteresar.cl\/umc\/wp-content\/uploads\/2024\/09\/BB49FB75-0DAC-4445-847B-00E4F1A877D7-300x300-1.jpeg\" class=\"attachment-large size-large\" alt=\"\" srcset=\"https:\/\/tepuedeinteresar.cl\/umc\/wp-content\/uploads\/2024\/09\/BB49FB75-0DAC-4445-847B-00E4F1A877D7-300x300-1.jpeg 300w, https:\/\/tepuedeinteresar.cl\/umc\/wp-content\/uploads\/2024\/09\/BB49FB75-0DAC-4445-847B-00E4F1A877D7-300x300-1-150x150.jpeg 150w\" sizes=\"(max-width: 300px) 100vw, 300px\" \/><\/a>\n\t\t\t<\/div><\/figure><figure class='gallery-item'>\n\t\t\t<div class='gallery-icon landscape'>\n\t\t\t\t<a data-elementor-open-lightbox=\"yes\" data-elementor-lightbox-slideshow=\"b0e3327\" data-elementor-lightbox-title=\"IMG_3743-300x184\" data-e-action-hash=\"#elementor-action%3Aaction%3Dlightbox%26settings%3DeyJpZCI6MjQwNDAsInVybCI6Imh0dHBzOlwvXC90ZXB1ZWRlaW50ZXJlc2FyLmNsXC91bWNcL3dwLWNvbnRlbnRcL3VwbG9hZHNcLzIwMjRcLzA5XC9JTUdfMzc0My0zMDB4MTg0LTEuanBlZyIsInNsaWRlc2hvdyI6ImIwZTMzMjcifQ%3D%3D\" href='https:\/\/tepuedeinteresar.cl\/umc\/wp-content\/uploads\/2024\/09\/IMG_3743-300x184-1.jpeg'><img loading=\"lazy\" decoding=\"async\" width=\"300\" height=\"184\" src=\"https:\/\/tepuedeinteresar.cl\/umc\/wp-content\/uploads\/2024\/09\/IMG_3743-300x184-1.jpeg\" class=\"attachment-large size-large\" alt=\"\" \/><\/a>\n\t\t\t<\/div><\/figure><figure class='gallery-item'>\n\t\t\t<div class='gallery-icon landscape'>\n\t\t\t\t<a data-elementor-open-lightbox=\"yes\" data-elementor-lightbox-slideshow=\"b0e3327\" data-elementor-lightbox-title=\"MG_6648.1-300x200\" data-e-action-hash=\"#elementor-action%3Aaction%3Dlightbox%26settings%3DeyJpZCI6MjQwNDEsInVybCI6Imh0dHBzOlwvXC90ZXB1ZWRlaW50ZXJlc2FyLmNsXC91bWNcL3dwLWNvbnRlbnRcL3VwbG9hZHNcLzIwMjRcLzA5XC9NR182NjQ4LjEtMzAweDIwMC0xLmpwZyIsInNsaWRlc2hvdyI6ImIwZTMzMjcifQ%3D%3D\" href='https:\/\/tepuedeinteresar.cl\/umc\/wp-content\/uploads\/2024\/09\/MG_6648.1-300x200-1.jpg'><img loading=\"lazy\" decoding=\"async\" width=\"300\" height=\"200\" src=\"https:\/\/tepuedeinteresar.cl\/umc\/wp-content\/uploads\/2024\/09\/MG_6648.1-300x200-1.jpg\" class=\"attachment-large size-large\" alt=\"\" \/><\/a>\n\t\t\t<\/div><\/figure><figure class='gallery-item'>\n\t\t\t<div class='gallery-icon landscape'>\n\t\t\t\t<a data-elementor-open-lightbox=\"yes\" data-elementor-lightbox-slideshow=\"b0e3327\" data-elementor-lightbox-title=\"MG_4216.1-300x200\" data-e-action-hash=\"#elementor-action%3Aaction%3Dlightbox%26settings%3DeyJpZCI6MjQwNDIsInVybCI6Imh0dHBzOlwvXC90ZXB1ZWRlaW50ZXJlc2FyLmNsXC91bWNcL3dwLWNvbnRlbnRcL3VwbG9hZHNcLzIwMjRcLzA5XC9NR180MjE2LjEtMzAweDIwMC0xLmpwZyIsInNsaWRlc2hvdyI6ImIwZTMzMjcifQ%3D%3D\" href='https:\/\/tepuedeinteresar.cl\/umc\/wp-content\/uploads\/2024\/09\/MG_4216.1-300x200-1.jpg'><img loading=\"lazy\" decoding=\"async\" width=\"300\" height=\"200\" src=\"https:\/\/tepuedeinteresar.cl\/umc\/wp-content\/uploads\/2024\/09\/MG_4216.1-300x200-1.jpg\" class=\"attachment-large size-large\" alt=\"\" \/><\/a>\n\t\t\t<\/div><\/figure><figure class='gallery-item'>\n\t\t\t<div class='gallery-icon landscape'>\n\t\t\t\t<a data-elementor-open-lightbox=\"yes\" data-elementor-lightbox-slideshow=\"b0e3327\" data-elementor-lightbox-title=\"IMG_6582.1-1-300x242 (1)\" data-e-action-hash=\"#elementor-action%3Aaction%3Dlightbox%26settings%3DeyJpZCI6MjQwNDMsInVybCI6Imh0dHBzOlwvXC90ZXB1ZWRlaW50ZXJlc2FyLmNsXC91bWNcL3dwLWNvbnRlbnRcL3VwbG9hZHNcLzIwMjRcLzA5XC9JTUdfNjU4Mi4xLTEtMzAweDI0Mi0xLTEuanBnIiwic2xpZGVzaG93IjoiYjBlMzMyNyJ9\" href='https:\/\/tepuedeinteresar.cl\/umc\/wp-content\/uploads\/2024\/09\/IMG_6582.1-1-300x242-1-1.jpg'><img loading=\"lazy\" decoding=\"async\" width=\"300\" height=\"242\" src=\"https:\/\/tepuedeinteresar.cl\/umc\/wp-content\/uploads\/2024\/09\/IMG_6582.1-1-300x242-1-1.jpg\" class=\"attachment-large size-large\" alt=\"\" \/><\/a>\n\t\t\t<\/div><\/figure>\n\t\t<\/div>\n\t\t<\/div>\n\t\t\t\t\t\t<\/div>\n\t\t\t\t<\/div>\n\t\t\t\t\t<\/div>\n\t\t\t\t<\/div>\n\t\t\t\t<\/div>\n\t\t","protected":false},"excerpt":{"rendered":"<p>Lorenzo Moya \u201cNaci\u00f3 en Paine, Chile el a\u00f1o 1967. Estudi\u00f3 pintura de figura humana en el Instituto de Arte Contempor\u00e1neo en 1984. ingres\u00f3 a la carrera de Arquitectura en la Universidad Cat\u00f3lica de Chile en 1985, y entre 1986 y 1990 estudi\u00f3 Licenciatura en Arte, con menci\u00f3n en pintura, en la Universidad de Chile. La [&hellip;]<\/p>\n","protected":false},"author":1,"featured_media":0,"parent":0,"menu_order":0,"comment_status":"closed","ping_status":"closed","template":"elementor_header_footer","meta":{"footnotes":""},"class_list":["post-24027","page","type-page","status-publish","hentry"],"_links":{"self":[{"href":"https:\/\/tepuedeinteresar.cl\/umc\/wp-json\/wp\/v2\/pages\/24027"}],"collection":[{"href":"https:\/\/tepuedeinteresar.cl\/umc\/wp-json\/wp\/v2\/pages"}],"about":[{"href":"https:\/\/tepuedeinteresar.cl\/umc\/wp-json\/wp\/v2\/types\/page"}],"author":[{"embeddable":true,"href":"https:\/\/tepuedeinteresar.cl\/umc\/wp-json\/wp\/v2\/users\/1"}],"replies":[{"embeddable":true,"href":"https:\/\/tepuedeinteresar.cl\/umc\/wp-json\/wp\/v2\/comments?post=24027"}],"version-history":[{"count":4,"href":"https:\/\/tepuedeinteresar.cl\/umc\/wp-json\/wp\/v2\/pages\/24027\/revisions"}],"predecessor-version":[{"id":24046,"href":"https:\/\/tepuedeinteresar.cl\/umc\/wp-json\/wp\/v2\/pages\/24027\/revisions\/24046"}],"wp:attachment":[{"href":"https:\/\/tepuedeinteresar.cl\/umc\/wp-json\/wp\/v2\/media?parent=24027"}],"curies":[{"name":"wp","href":"https:\/\/api.w.org\/{rel}","templated":true}]}}