{"id":991,"date":"2024-01-23T14:24:45","date_gmt":"2024-01-23T13:24:45","guid":{"rendered":"https:\/\/tepuedeinteresar.cl\/umc\/?page_id=991"},"modified":"2024-09-04T18:31:32","modified_gmt":"2024-09-04T22:31:32","slug":"desarrollo-comunitario","status":"publish","type":"page","link":"https:\/\/tepuedeinteresar.cl\/umc\/desarrollo-comunitario\/","title":{"rendered":"Desarrollo Comunitario"},"content":{"rendered":"\t\t<div data-elementor-type=\"wp-page\" data-elementor-id=\"991\" class=\"elementor elementor-991\" data-elementor-post-type=\"page\">\n\t\t\t\t<div data-particle_enable=\"false\" data-particle-mobile-disabled=\"false\" class=\"elementor-element elementor-element-1e795d2 e-flex e-con-boxed e-con e-parent\" data-id=\"1e795d2\" data-element_type=\"container\" data-e-type=\"container\" data-settings=\"{&quot;background_background&quot;:&quot;classic&quot;}\">\n\t\t\t\t\t<div class=\"e-con-inner\">\n\t\t<div data-particle_enable=\"false\" data-particle-mobile-disabled=\"false\" class=\"elementor-element elementor-element-7bbd6e14 e-con-full e-flex e-con e-child\" data-id=\"7bbd6e14\" data-element_type=\"container\" data-e-type=\"container\">\n\t\t\t\t<div class=\"elementor-element elementor-element-2aaf965d elementor-widget elementor-widget-heading\" data-id=\"2aaf965d\" data-element_type=\"widget\" data-e-type=\"widget\" data-widget_type=\"heading.default\">\n\t\t\t\t<div class=\"elementor-widget-container\">\n\t\t\t\t\t<h2 class=\"elementor-heading-title elementor-size-default\">Desarrollo Comunitario\n<\/h2>\t\t\t\t<\/div>\n\t\t\t\t<\/div>\n\t\t\t\t<div class=\"elementor-element elementor-element-7965e4af elementor-widget-divider--view-line elementor-widget elementor-widget-divider\" data-id=\"7965e4af\" data-element_type=\"widget\" data-e-type=\"widget\" data-widget_type=\"divider.default\">\n\t\t\t\t<div class=\"elementor-widget-container\">\n\t\t\t\t\t\t\t<div class=\"elementor-divider\">\n\t\t\t<span class=\"elementor-divider-separator\">\n\t\t\t\t\t\t<\/span>\n\t\t<\/div>\n\t\t\t\t\t\t<\/div>\n\t\t\t\t<\/div>\n\t\t\t\t<\/div>\n\t\t<div data-particle_enable=\"false\" data-particle-mobile-disabled=\"false\" class=\"elementor-element elementor-element-42d7da9e e-con-full e-flex e-con e-child\" data-id=\"42d7da9e\" data-element_type=\"container\" data-e-type=\"container\">\n\t\t\t\t<\/div>\n\t\t\t\t\t<\/div>\n\t\t\t\t<\/div>\n\t\t<div data-particle_enable=\"false\" data-particle-mobile-disabled=\"false\" class=\"elementor-element elementor-element-7bbf29a e-flex e-con-boxed e-con e-parent\" data-id=\"7bbf29a\" data-element_type=\"container\" data-e-type=\"container\">\n\t\t\t\t\t<div class=\"e-con-inner\">\n\t\t<div data-particle_enable=\"false\" data-particle-mobile-disabled=\"false\" class=\"elementor-element elementor-element-f167833 e-con-full e-flex e-con e-child\" data-id=\"f167833\" data-element_type=\"container\" data-e-type=\"container\">\n\t\t\t\t<div class=\"elementor-element elementor-element-78546b9 elementor-widget elementor-widget-text-editor\" data-id=\"78546b9\" data-element_type=\"widget\" data-e-type=\"widget\" data-widget_type=\"text-editor.default\">\n\t\t\t\t<div class=\"elementor-widget-container\">\n\t\t\t\t\t\t\t\t\t<p>La Universidad, en el marco de la Vinculaci\u00f3n con el Medio, realiza acciones de desarrollo comunitario tanto institucionalmente, como por las Escuelas y los Centros e Institutos, con grupos de inter\u00e9s. Estas iniciativas se realizan especialmente con sectores vulnerables y en pro de diversas comunidades con las cuales se mantiene una relaci\u00f3n institucional.<\/p><p>\u00a0<\/p><ul><li><strong>Pr\u00e1cticas profesionales con sentido comunitario<\/strong> &#8211; Escuela de Trabajo Social y Psicolog\u00eda. Las pr\u00e1cticas profesionales contemplan acciones concretas dirigidas al servicio de la comunidad como parte del proceso de integraci\u00f3n prelaboral de las y los estudiantes.<\/li><\/ul><p>\u00a0<\/p><ul><li><strong>Feria de Pr\u00e1cticas<\/strong>, de la Escuela de Trabajo Social. Esta actividad se lleva a cabo en la Plaza de la Merced, con la participaci\u00f3n de estudiantes de pr\u00e1cticas de intervenci\u00f3n y pr\u00e1cticas integradas. Destacan las principales actividades realizadas en sus centros de pr\u00e1cticas, adem\u00e1s de orientar a la comunidad en diversos temas sociales.<\/li><\/ul><p>\u00a0<\/p><ul><li><strong>Cl\u00ednica Jur\u00eddica<\/strong> de la Universidad Miguel de Cervantes. Otorga un servicio de ayuda gratuita a la comunidad que, requiriendo una adecuada orientaci\u00f3n y asesor\u00eda jur\u00eddica y administrativa, no disponen de los recursos para contratarla. los estudiantes de Derecho realizan sus actividades de asesor\u00eda jur\u00eddica simult\u00e1neamente con la asignatura de Taller de Procedimiento Judicial en las instalaciones de la Cl\u00ednica Jur\u00eddica y en las instalaciones de FIDEF (Fundaci\u00f3n Integral de la Familia) sede comuna de Pe\u00f1alol\u00e9n y en el Centro de Justicia de la comuna de Pudahuel.<\/li><\/ul><p><strong>\u00a0<\/strong><\/p><ul><li><strong>Actividades Culturales<\/strong><\/li><\/ul><p><strong>\u00a0<\/strong><\/p><ol><li><strong>Galer\u00eda de Arte Virtual.<\/strong> Es una plataforma creada para difundir y promover las obras de artistas consagrados y emergentes en el campo de la\u00a0Pintura, Escultura, Dibujo, Grabado, Cer\u00e1mica, Fotograf\u00eda y otras expresiones de arte.<\/li><li><strong>Taller Banda Sonora de mi vida. <\/strong>taller dirigido a adultos mayores, aunque tambi\u00e9n participan personas de mediana edad y j\u00f3venes; lo que contribuye a enriquecer el di\u00e1logo y la din\u00e1mica del taller. El taller cumple con una importante necesidad de enfrentar las carencias de soledad y aislamiento que sufren los adultos mayores.<\/li><li><strong>Ciclo de Cine en alianza con el Goethe Institute<\/strong>. Se realiza en la UMC orientado b\u00e1sicamente a los estudiantes, dejando la opci\u00f3n abierta para el p\u00fablico en general. Participan las 5 Escuelas con sus estudiantes: Derecho, Psicolog\u00eda, Trabajo Social, Psicolog\u00eda y Ciencia Pol\u00edtica y Administraci\u00f3n P\u00fablica.<\/li><li><strong>Ciclo de Cortometrajes para adultos mayores en alianza con el Goethe Institute.<\/strong> Se proyectan cortometrajes orientados a personas mayores, seguidos por un conversatorio orientado por la directora de la Escuela de Psicolog\u00eda.<\/li><li><strong>Taller Tod@s Somos Artistas<\/strong>. Taller dirigido por una connotada artista visual, es una invitaci\u00f3n a Adultos Mayores a expresar a trav\u00e9s del arte y la pintura lo que significa para ellos esta etapa de su vida.<\/li><li><p><strong>Taller de Tango para adultos mayores<\/strong>. Fortalecer el autocuidado y la salud mental a trav\u00e9s de la pr\u00e1ctica del tango, especialmente en la poblaci\u00f3n de tercera edad.<\/p><\/li><li><p><strong>Taller Literario \u201cMe Tomo La Palabra\u201d<\/strong> dirigido por Marta Calcagno e integrado por adultos mayores, se re\u00fanen cada semana en dependencias de nuestra universidad.<\/p><\/li><\/ol><p>\u00a0<\/p><ul><li><strong>Biblioteca UMC<\/strong>.<\/li><\/ul><p>\u00a0<\/p><p>La biblioteca de la UMC abre sus puertas para acoger especialmente a la comunidad de adultos mayores que han venido participando en las diferentes actividades culturales que la universidad desarrolla en su vinculaci\u00f3n con el medio. Asimismo, est\u00e1 abierta para recibir nuevos usuarios provenientes del entorno m\u00e1s cercano a la UMC, vecinos y organizaciones de la comuna.<\/p><p>\u00a0<\/p><ul><li><strong>Cursos de Educaci\u00f3n Ciudadana<\/strong><\/li><\/ul><p>La Universidad Miguel de Cervantes ofrece a la comunidad dos cursos de Formaci\u00f3n Ciudadana:<\/p><ol><li><strong>Humanismo Social:<\/strong>que tiene por objetivo promover la interiorizaci\u00f3n de los aspectos \u00e9tico-val\u00f3ricos, orientados a la formaci\u00f3n integral de los participantes, estableciendo los principios normativos que rigen al hombre en cuanto ser social, con el fin de instaurar un orden de convivencia adecuado para su realizaci\u00f3n dentro de la sociedad que integran.<\/li><li><strong>\u00c9tica y Educaci\u00f3n C\u00edvica:\u00a0\u00a0<\/strong>que tiene por objetivo que los participantes comprendan los principios generales de la \u00e9tica humanista de inspiraci\u00f3n cristiana, sus ra\u00edces filos\u00f3ficas e hist\u00f3ricas y sus componentes te\u00f3rico-pr\u00e1cticos, lo mismo que los alcances de la \u00e9tica c\u00edvica en un marco democr\u00e1tico y de responsabilidad ciudadana.<\/li><\/ol><p>\u00a0<\/p><ul><li><strong>Actividades de Aprendizaje m\u00e1s Servicio<\/strong><\/li><\/ul><p>La escuela de<strong> Derecho. <\/strong>Desarrolla talleres en colegios y otras instituciones, entre cuyos objetivos se encuentra; otorgar conocimiento de las normas de la sucesi\u00f3n y herencia; sobre materia de matrimonio y su t\u00e9rmino; manejo de la ley de pago de pensiones de alimento y sus implicancias en la vida laboral; abordar en el sistema educacional, en cuanto se presenta una vulneraci\u00f3n a un ni\u00f1o, ni\u00f1a o adolescente; conocimiento por parte de los adolescentes de la implicancia de la ley y su responsabilidad en actos; conocer las directrices de la ley y su efecto para los adolescentes estudiantes de colegios y manejo de la responsabilidad penal de cada uno de ellos; conocimiento y administraci\u00f3n de las cooperativas en Chile y su fiscalizaci\u00f3n mediante el ministerio de Econom\u00eda de Fomento y Turismo.<\/p><p>La escuela de<strong> Trabajo Social <\/strong>realiza orientaci\u00f3n de tr\u00e1mites migratorios a p\u00fablico general mediante el uso de plataformas de internet en comuna de <strong>Recoleta<\/strong>; e informa acerca de la oferta program\u00e1tica de beneficios sociales a nivel nacional. Tambi\u00e9n ofrece talleres socioeducativos para adultos mayores en la <strong>Casa de la Mujer Huamachuco Renca<\/strong> cuyo objetivo es vincular a adultos mayores con aspectos de salud emocional, recreativa y de generaci\u00f3n de redes. Realiza Diagn\u00f3stico Comunitario para proyecto de fortalecimiento comunitario en <strong>sector Ra\u00fal Silva Henr\u00edquez de la comuna de Cerrillos.<\/strong><\/p><p>La escuela de Ciencia Pol\u00edtica y Administraci\u00f3n P\u00fablica realiza\u00a0<strong>alianza de cooperaci\u00f3n con el colegio San Alberto Hurtado\u00a0<\/strong>para realizar acciones de Metodolog\u00eda Aprendizaje + Servicio como parte del plan de Vinculaci\u00f3n con el Medio de la UMC. Su prop\u00f3sito es brindar un servicio profesional gratuito a trav\u00e9s de un proyecto orientado a dar respuestas a las necesidades sentidas por la comunidad.<\/p>\t\t\t\t\t\t\t\t<\/div>\n\t\t\t\t<\/div>\n\t\t\t\t<\/div>\n\t\t\t\t\t<\/div>\n\t\t\t\t<\/div>\n\t\t\t\t<\/div>\n\t\t","protected":false},"excerpt":{"rendered":"<p>Desarrollo Comunitario La Universidad, en el marco de la Vinculaci\u00f3n con el Medio, realiza acciones de desarrollo comunitario tanto institucionalmente, como por las Escuelas y los Centros e Institutos, con grupos de inter\u00e9s. Estas iniciativas se realizan especialmente con sectores vulnerables y en pro de diversas comunidades con las cuales se mantiene una relaci\u00f3n institucional. [&hellip;]<\/p>\n","protected":false},"author":1,"featured_media":0,"parent":0,"menu_order":0,"comment_status":"closed","ping_status":"closed","template":"elementor_header_footer","meta":{"footnotes":""},"class_list":["post-991","page","type-page","status-publish","hentry"],"_links":{"self":[{"href":"https:\/\/tepuedeinteresar.cl\/umc\/wp-json\/wp\/v2\/pages\/991"}],"collection":[{"href":"https:\/\/tepuedeinteresar.cl\/umc\/wp-json\/wp\/v2\/pages"}],"about":[{"href":"https:\/\/tepuedeinteresar.cl\/umc\/wp-json\/wp\/v2\/types\/page"}],"author":[{"embeddable":true,"href":"https:\/\/tepuedeinteresar.cl\/umc\/wp-json\/wp\/v2\/users\/1"}],"replies":[{"embeddable":true,"href":"https:\/\/tepuedeinteresar.cl\/umc\/wp-json\/wp\/v2\/comments?post=991"}],"version-history":[{"count":10,"href":"https:\/\/tepuedeinteresar.cl\/umc\/wp-json\/wp\/v2\/pages\/991\/revisions"}],"predecessor-version":[{"id":24250,"href":"https:\/\/tepuedeinteresar.cl\/umc\/wp-json\/wp\/v2\/pages\/991\/revisions\/24250"}],"wp:attachment":[{"href":"https:\/\/tepuedeinteresar.cl\/umc\/wp-json\/wp\/v2\/media?parent=991"}],"curies":[{"name":"wp","href":"https:\/\/api.w.org\/{rel}","templated":true}]}}